{"id":1409,"date":"2015-01-13T06:32:47","date_gmt":"2015-01-13T06:32:47","guid":{"rendered":"http:\/\/www.hofbauer.de\/uber-hofbauer-2\/leitbild\/"},"modified":"2020-04-08T15:03:48","modified_gmt":"2020-04-08T15:03:48","slug":"concept","status":"publish","type":"page","link":"https:\/\/www.hofbauer.de\/en\/uber-hofbauer-2\/concept\/","title":{"rendered":"Mission"},"content":{"rendered":"<h2>Leitbild<\/h2>\n<p><strong>Hofbauer steht f\u00fcr h\u00f6chste Qualit\u00e4t:<\/strong><br \/>\nWir sind Ihr Spezialist f\u00fcr Kunststoffverarbeitung (Kofferfertigung, Extrusionsblastechnik,<br \/>\nSpritzgusstechnik), hochwertige und langlebige Produkte, zertifiziert nach ISO 9001<\/p>\n<p><strong>Hofbauer ist kunden- und l\u00f6sungsorientiert:<\/strong><br \/>\nHohe Qualit\u00e4tsstandards, Kundenw\u00fcnsche als Basis f\u00fcr Qualit\u00e4tsma\u00dfst\u00e4be und<br \/>\nProduktserien<\/p>\n<p><strong>Hofbauer ist erfahren:<\/strong><br \/>\nFamilienunternehmen mit \u00fcber 100j\u00e4hriger Expertise in der Kofferfertigung und<br \/>\nKunststoffverarbeitung<\/p>\n<p><strong>Hofbauer ist innovativ:<\/strong><br \/>\nNeueste Materialien und Technik f\u00fcr individuelle Kundenw\u00fcnsche (Klein- und Gro\u00dfserien),<br \/>\nfunktionale L\u00f6sungen f\u00fcr jeden Anspruch<\/p>\n<p><strong>Hofbauer denkt und handelt nachhaltig:<\/strong><br \/>\nRessourcenschonende Herstellung<\/p>\n<p><strong>Hofbauer ist international:<\/strong><br \/>\nProduktion f\u00fcr internationale Kunden<\/p>\n<h3>verpackt.gesch\u00fctzt.hofbauer.<\/h3>\n<p><strong>Wir finden die passende Verpackungsl\u00f6sung f\u00fcr Sie<\/strong><\/p>\n<p>Als international t\u00e4tiges Unternehmen mit langj\u00e4hriger Erfahrung und Expertise in der<br \/>\nKunststoffverarbeitung setzen wir bei der Entwicklung und Herstellung unserer<br \/>\nIndustriekoffer und Verpackungsl\u00f6sungen auf h\u00f6chste Qualit\u00e4t und Kundenorientierung.<\/p>\n<p>Durch die Verwendung hochwertiger und nachhaltiger Materialien und fachkundige<br \/>\nVerarbeitung sorgen wir daf\u00fcr, dass unsere Produkte garantiert langlebig sind und Ihre<br \/>\nProdukte darin funktional, \u00fcbersichtlich sortiert, aufger\u00e4umt, gut verstaut und sicher.<\/p>\n<p>Au\u00dferdem sorgen wir daf\u00fcr, dass Ihre Produkte stilvoll pr\u00e4sentiert werden. Mit innovativen<br \/>\nund individuellen Ausgestaltungen von Au\u00dfen- und Innenraum erf\u00fcllen wir jegliche<br \/>\nKundenanspr\u00fcche und -w\u00fcnsche.<\/p>\n<p><strong>H\u00f6chste Qualit\u00e4t ist unser Anspruch \u2013 Kundenw\u00fcnsche sind unser Ma\u00dfstab.<\/strong><\/p>\n","protected":false},"excerpt":{"rendered":"<p>Leitbild Hofbauer steht f\u00fcr h\u00f6chste Qualit\u00e4t: Wir sind Ihr Spezialist f\u00fcr Kunststoffverarbeitung (Kofferfertigung, Extrusionsblastechnik, Spritzgusstechnik), hochwertige und langlebige Produkte, zertifiziert nach ISO 9001 Hofbauer ist kunden- und l\u00f6sungsorientiert: Hohe Qualit\u00e4tsstandards, Kundenw\u00fcnsche als Basis f\u00fcr Qualit\u00e4tsma\u00dfst\u00e4be und Produktserien Hofbauer ist erfahren: Familienunternehmen mit \u00fcber 100j\u00e4hriger Expertise in der Kofferfertigung und Kunststoffverarbeitung Hofbauer ist innovativ: Neueste Materialien [&hellip;]<\/p>\n","protected":false},"author":1,"featured_media":0,"parent":584,"menu_order":30,"comment_status":"open","ping_status":"closed","template":"template-geschichte.php","meta":{"_acf_changed":false,"footnotes":""},"class_list":["post-1409","page","type-page","status-publish","hentry"],"acf":[],"yoast_head":"<!-- This site is optimized with the Yoast SEO plugin v27.2 - https:\/\/yoast.com\/product\/yoast-seo-wordpress\/ -->\n<title>Leitbild :: B&amp;W PolyEngineering T\u00fcrkheim GmbH<\/title>\n<meta name=\"description\" content=\"Seit \u00fcber 100 Jahren entwickelt das Unternehmen Hofbauer hochwertige, innovative Industriekoffer und Verpackungsl\u00f6sungen\" \/>\n<meta name=\"robots\" content=\"index, follow, max-snippet:-1, max-image-preview:large, max-video-preview:-1\" \/>\n<link rel=\"canonical\" href=\"https:\/\/www.hofbauer.de\/en\/uber-hofbauer-2\/concept\/\" \/>\n<meta property=\"og:locale\" content=\"en_US\" \/>\n<meta property=\"og:type\" content=\"article\" \/>\n<meta property=\"og:title\" content=\"Leitbild :: B&amp;W PolyEngineering T\u00fcrkheim GmbH\" \/>\n<meta property=\"og:description\" content=\"Seit \u00fcber 100 Jahren entwickelt das Unternehmen Hofbauer hochwertige, innovative Industriekoffer und Verpackungsl\u00f6sungen\" \/>\n<meta property=\"og:url\" content=\"https:\/\/www.hofbauer.de\/en\/uber-hofbauer-2\/concept\/\" \/>\n<meta property=\"og:site_name\" content=\"Hofbauer\" \/>\n<meta property=\"article:modified_time\" content=\"2020-04-08T15:03:48+00:00\" \/>\n<meta name=\"twitter:label1\" content=\"Est. reading time\" \/>\n\t<meta name=\"twitter:data1\" content=\"1 minute\" \/>\n<script type=\"application\/ld+json\" class=\"yoast-schema-graph\">{\"@context\":\"https:\/\/schema.org\",\"@graph\":[{\"@type\":\"WebPage\",\"@id\":\"https:\/\/www.hofbauer.de\/en\/uber-hofbauer-2\/concept\/\",\"url\":\"https:\/\/www.hofbauer.de\/en\/uber-hofbauer-2\/concept\/\",\"name\":\"Leitbild :: B&W PolyEngineering T\u00fcrkheim GmbH\",\"isPartOf\":{\"@id\":\"https:\/\/www.hofbauer.de\/#website\"},\"datePublished\":\"2015-01-13T06:32:47+00:00\",\"dateModified\":\"2020-04-08T15:03:48+00:00\",\"description\":\"Seit \u00fcber 100 Jahren entwickelt das Unternehmen Hofbauer hochwertige, innovative Industriekoffer und Verpackungsl\u00f6sungen\",\"breadcrumb\":{\"@id\":\"https:\/\/www.hofbauer.de\/en\/uber-hofbauer-2\/concept\/#breadcrumb\"},\"inLanguage\":\"en-US\",\"potentialAction\":[{\"@type\":\"ReadAction\",\"target\":[\"https:\/\/www.hofbauer.de\/en\/uber-hofbauer-2\/concept\/\"]}]},{\"@type\":\"BreadcrumbList\",\"@id\":\"https:\/\/www.hofbauer.de\/en\/uber-hofbauer-2\/concept\/#breadcrumb\",\"itemListElement\":[{\"@type\":\"ListItem\",\"position\":1,\"name\":\"Home\",\"item\":\"https:\/\/www.hofbauer.de\/en\/\"},{\"@type\":\"ListItem\",\"position\":2,\"name\":\"\u00dcber Hofbauer\",\"item\":\"https:\/\/www.hofbauer.de\/en\/uber-hofbauer-2\/\"},{\"@type\":\"ListItem\",\"position\":3,\"name\":\"Mission\"}]},{\"@type\":\"WebSite\",\"@id\":\"https:\/\/www.hofbauer.de\/#website\",\"url\":\"https:\/\/www.hofbauer.de\/\",\"name\":\"Hofbauer\",\"description\":\"Industriekoffer &amp; Verpackungsl\u00f6sungen\",\"potentialAction\":[{\"@type\":\"SearchAction\",\"target\":{\"@type\":\"EntryPoint\",\"urlTemplate\":\"https:\/\/www.hofbauer.de\/?s={search_term_string}\"},\"query-input\":{\"@type\":\"PropertyValueSpecification\",\"valueRequired\":true,\"valueName\":\"search_term_string\"}}],\"inLanguage\":\"en-US\"}]}<\/script>\n<!-- \/ Yoast SEO plugin. -->","yoast_head_json":{"title":"Leitbild :: B&W PolyEngineering T\u00fcrkheim GmbH","description":"Seit \u00fcber 100 Jahren entwickelt das Unternehmen Hofbauer hochwertige, innovative Industriekoffer und Verpackungsl\u00f6sungen","robots":{"index":"index","follow":"follow","max-snippet":"max-snippet:-1","max-image-preview":"max-image-preview:large","max-video-preview":"max-video-preview:-1"},"canonical":"https:\/\/www.hofbauer.de\/en\/uber-hofbauer-2\/concept\/","og_locale":"en_US","og_type":"article","og_title":"Leitbild :: B&W PolyEngineering T\u00fcrkheim GmbH","og_description":"Seit \u00fcber 100 Jahren entwickelt das Unternehmen Hofbauer hochwertige, innovative Industriekoffer und Verpackungsl\u00f6sungen","og_url":"https:\/\/www.hofbauer.de\/en\/uber-hofbauer-2\/concept\/","og_site_name":"Hofbauer","article_modified_time":"2020-04-08T15:03:48+00:00","twitter_misc":{"Est. reading time":"1 minute"},"schema":{"@context":"https:\/\/schema.org","@graph":[{"@type":"WebPage","@id":"https:\/\/www.hofbauer.de\/en\/uber-hofbauer-2\/concept\/","url":"https:\/\/www.hofbauer.de\/en\/uber-hofbauer-2\/concept\/","name":"Leitbild :: B&W PolyEngineering T\u00fcrkheim GmbH","isPartOf":{"@id":"https:\/\/www.hofbauer.de\/#website"},"datePublished":"2015-01-13T06:32:47+00:00","dateModified":"2020-04-08T15:03:48+00:00","description":"Seit \u00fcber 100 Jahren entwickelt das Unternehmen Hofbauer hochwertige, innovative Industriekoffer und Verpackungsl\u00f6sungen","breadcrumb":{"@id":"https:\/\/www.hofbauer.de\/en\/uber-hofbauer-2\/concept\/#breadcrumb"},"inLanguage":"en-US","potentialAction":[{"@type":"ReadAction","target":["https:\/\/www.hofbauer.de\/en\/uber-hofbauer-2\/concept\/"]}]},{"@type":"BreadcrumbList","@id":"https:\/\/www.hofbauer.de\/en\/uber-hofbauer-2\/concept\/#breadcrumb","itemListElement":[{"@type":"ListItem","position":1,"name":"Home","item":"https:\/\/www.hofbauer.de\/en\/"},{"@type":"ListItem","position":2,"name":"\u00dcber Hofbauer","item":"https:\/\/www.hofbauer.de\/en\/uber-hofbauer-2\/"},{"@type":"ListItem","position":3,"name":"Mission"}]},{"@type":"WebSite","@id":"https:\/\/www.hofbauer.de\/#website","url":"https:\/\/www.hofbauer.de\/","name":"Hofbauer","description":"Industriekoffer &amp; Verpackungsl\u00f6sungen","potentialAction":[{"@type":"SearchAction","target":{"@type":"EntryPoint","urlTemplate":"https:\/\/www.hofbauer.de\/?s={search_term_string}"},"query-input":{"@type":"PropertyValueSpecification","valueRequired":true,"valueName":"search_term_string"}}],"inLanguage":"en-US"}]}},"_links":{"self":[{"href":"https:\/\/www.hofbauer.de\/en\/wp-json\/wp\/v2\/pages\/1409","targetHints":{"allow":["GET"]}}],"collection":[{"href":"https:\/\/www.hofbauer.de\/en\/wp-json\/wp\/v2\/pages"}],"about":[{"href":"https:\/\/www.hofbauer.de\/en\/wp-json\/wp\/v2\/types\/page"}],"author":[{"embeddable":true,"href":"https:\/\/www.hofbauer.de\/en\/wp-json\/wp\/v2\/users\/1"}],"replies":[{"embeddable":true,"href":"https:\/\/www.hofbauer.de\/en\/wp-json\/wp\/v2\/comments?post=1409"}],"version-history":[{"count":5,"href":"https:\/\/www.hofbauer.de\/en\/wp-json\/wp\/v2\/pages\/1409\/revisions"}],"predecessor-version":[{"id":5324,"href":"https:\/\/www.hofbauer.de\/en\/wp-json\/wp\/v2\/pages\/1409\/revisions\/5324"}],"up":[{"embeddable":true,"href":"https:\/\/www.hofbauer.de\/en\/wp-json\/wp\/v2\/pages\/584"}],"wp:attachment":[{"href":"https:\/\/www.hofbauer.de\/en\/wp-json\/wp\/v2\/media?parent=1409"}],"curies":[{"name":"wp","href":"https:\/\/api.w.org\/{rel}","templated":true}]}}