{"id":1422,"date":"2015-01-21T10:50:14","date_gmt":"2015-01-21T10:50:14","guid":{"rendered":"http:\/\/www.hofbauer.de\/kunststofftechnik-2\/"},"modified":"2023-01-12T15:19:45","modified_gmt":"2023-01-12T15:19:45","slug":"kunststofftechnik","status":"publish","type":"page","link":"https:\/\/www.hofbauer.de\/en\/kunststofftechnik\/","title":{"rendered":"Plastics technology"},"content":{"rendered":"","protected":false},"excerpt":{"rendered":"","protected":false},"author":1,"featured_media":0,"parent":0,"menu_order":0,"comment_status":"open","ping_status":"closed","template":"template-kun.php","meta":{"_acf_changed":false,"footnotes":""},"class_list":["post-1422","page","type-page","status-publish","hentry"],"acf":[],"yoast_head":"<!-- This site is optimized with the Yoast SEO plugin v27.2 - https:\/\/yoast.com\/product\/yoast-seo-wordpress\/ -->\n<title>Plastics technology :: B&amp;W PolyEngineering T\u00fcrkheim GmbH<\/title>\n<meta name=\"description\" content=\"Kunststofftechnik: Seit \u00fcber 100 Jahren entwickelt das Unternehmen Hofbauer hochwertige, innovative Industriekoffer und Verpackungsl\u00f6sungen\" \/>\n<meta name=\"robots\" content=\"index, follow, max-snippet:-1, max-image-preview:large, max-video-preview:-1\" \/>\n<link rel=\"canonical\" href=\"https:\/\/www.hofbauer.de\/en\/kunststofftechnik\/\" \/>\n<meta property=\"og:locale\" content=\"en_US\" \/>\n<meta property=\"og:type\" content=\"article\" \/>\n<meta property=\"og:title\" content=\"Plastics technology :: B&amp;W PolyEngineering T\u00fcrkheim GmbH\" \/>\n<meta property=\"og:description\" content=\"Kunststofftechnik: Seit \u00fcber 100 Jahren entwickelt das Unternehmen Hofbauer hochwertige, innovative Industriekoffer und Verpackungsl\u00f6sungen\" \/>\n<meta property=\"og:url\" content=\"https:\/\/www.hofbauer.de\/en\/kunststofftechnik\/\" \/>\n<meta property=\"og:site_name\" content=\"Hofbauer\" \/>\n<meta property=\"article:modified_time\" content=\"2023-01-12T15:19:45+00:00\" \/>\n<script type=\"application\/ld+json\" class=\"yoast-schema-graph\">{\"@context\":\"https:\/\/schema.org\",\"@graph\":[{\"@type\":\"WebPage\",\"@id\":\"https:\/\/www.hofbauer.de\/en\/kunststofftechnik\/\",\"url\":\"https:\/\/www.hofbauer.de\/en\/kunststofftechnik\/\",\"name\":\"Plastics technology :: B&W PolyEngineering T\u00fcrkheim GmbH\",\"isPartOf\":{\"@id\":\"https:\/\/www.hofbauer.de\/#website\"},\"datePublished\":\"2015-01-21T10:50:14+00:00\",\"dateModified\":\"2023-01-12T15:19:45+00:00\",\"description\":\"Kunststofftechnik: Seit \u00fcber 100 Jahren entwickelt das Unternehmen Hofbauer hochwertige, innovative Industriekoffer und Verpackungsl\u00f6sungen\",\"breadcrumb\":{\"@id\":\"https:\/\/www.hofbauer.de\/en\/kunststofftechnik\/#breadcrumb\"},\"inLanguage\":\"en-US\",\"potentialAction\":[{\"@type\":\"ReadAction\",\"target\":[\"https:\/\/www.hofbauer.de\/en\/kunststofftechnik\/\"]}]},{\"@type\":\"BreadcrumbList\",\"@id\":\"https:\/\/www.hofbauer.de\/en\/kunststofftechnik\/#breadcrumb\",\"itemListElement\":[{\"@type\":\"ListItem\",\"position\":1,\"name\":\"Home\",\"item\":\"https:\/\/www.hofbauer.de\/en\/\"},{\"@type\":\"ListItem\",\"position\":2,\"name\":\"Plastics technology\"}]},{\"@type\":\"WebSite\",\"@id\":\"https:\/\/www.hofbauer.de\/#website\",\"url\":\"https:\/\/www.hofbauer.de\/\",\"name\":\"Hofbauer\",\"description\":\"Industriekoffer &amp; Verpackungsl\u00f6sungen\",\"potentialAction\":[{\"@type\":\"SearchAction\",\"target\":{\"@type\":\"EntryPoint\",\"urlTemplate\":\"https:\/\/www.hofbauer.de\/?s={search_term_string}\"},\"query-input\":{\"@type\":\"PropertyValueSpecification\",\"valueRequired\":true,\"valueName\":\"search_term_string\"}}],\"inLanguage\":\"en-US\"}]}<\/script>\n<!-- \/ Yoast SEO plugin. -->","yoast_head_json":{"title":"Plastics technology :: B&W PolyEngineering T\u00fcrkheim GmbH","description":"Kunststofftechnik: Seit \u00fcber 100 Jahren entwickelt das Unternehmen Hofbauer hochwertige, innovative Industriekoffer und Verpackungsl\u00f6sungen","robots":{"index":"index","follow":"follow","max-snippet":"max-snippet:-1","max-image-preview":"max-image-preview:large","max-video-preview":"max-video-preview:-1"},"canonical":"https:\/\/www.hofbauer.de\/en\/kunststofftechnik\/","og_locale":"en_US","og_type":"article","og_title":"Plastics technology :: B&W PolyEngineering T\u00fcrkheim GmbH","og_description":"Kunststofftechnik: Seit \u00fcber 100 Jahren entwickelt das Unternehmen Hofbauer hochwertige, innovative Industriekoffer und Verpackungsl\u00f6sungen","og_url":"https:\/\/www.hofbauer.de\/en\/kunststofftechnik\/","og_site_name":"Hofbauer","article_modified_time":"2023-01-12T15:19:45+00:00","schema":{"@context":"https:\/\/schema.org","@graph":[{"@type":"WebPage","@id":"https:\/\/www.hofbauer.de\/en\/kunststofftechnik\/","url":"https:\/\/www.hofbauer.de\/en\/kunststofftechnik\/","name":"Plastics technology :: B&W PolyEngineering T\u00fcrkheim GmbH","isPartOf":{"@id":"https:\/\/www.hofbauer.de\/#website"},"datePublished":"2015-01-21T10:50:14+00:00","dateModified":"2023-01-12T15:19:45+00:00","description":"Kunststofftechnik: Seit \u00fcber 100 Jahren entwickelt das Unternehmen Hofbauer hochwertige, innovative Industriekoffer und Verpackungsl\u00f6sungen","breadcrumb":{"@id":"https:\/\/www.hofbauer.de\/en\/kunststofftechnik\/#breadcrumb"},"inLanguage":"en-US","potentialAction":[{"@type":"ReadAction","target":["https:\/\/www.hofbauer.de\/en\/kunststofftechnik\/"]}]},{"@type":"BreadcrumbList","@id":"https:\/\/www.hofbauer.de\/en\/kunststofftechnik\/#breadcrumb","itemListElement":[{"@type":"ListItem","position":1,"name":"Home","item":"https:\/\/www.hofbauer.de\/en\/"},{"@type":"ListItem","position":2,"name":"Plastics technology"}]},{"@type":"WebSite","@id":"https:\/\/www.hofbauer.de\/#website","url":"https:\/\/www.hofbauer.de\/","name":"Hofbauer","description":"Industriekoffer &amp; Verpackungsl\u00f6sungen","potentialAction":[{"@type":"SearchAction","target":{"@type":"EntryPoint","urlTemplate":"https:\/\/www.hofbauer.de\/?s={search_term_string}"},"query-input":{"@type":"PropertyValueSpecification","valueRequired":true,"valueName":"search_term_string"}}],"inLanguage":"en-US"}]}},"_links":{"self":[{"href":"https:\/\/www.hofbauer.de\/en\/wp-json\/wp\/v2\/pages\/1422","targetHints":{"allow":["GET"]}}],"collection":[{"href":"https:\/\/www.hofbauer.de\/en\/wp-json\/wp\/v2\/pages"}],"about":[{"href":"https:\/\/www.hofbauer.de\/en\/wp-json\/wp\/v2\/types\/page"}],"author":[{"embeddable":true,"href":"https:\/\/www.hofbauer.de\/en\/wp-json\/wp\/v2\/users\/1"}],"replies":[{"embeddable":true,"href":"https:\/\/www.hofbauer.de\/en\/wp-json\/wp\/v2\/comments?post=1422"}],"version-history":[{"count":9,"href":"https:\/\/www.hofbauer.de\/en\/wp-json\/wp\/v2\/pages\/1422\/revisions"}],"predecessor-version":[{"id":6561,"href":"https:\/\/www.hofbauer.de\/en\/wp-json\/wp\/v2\/pages\/1422\/revisions\/6561"}],"wp:attachment":[{"href":"https:\/\/www.hofbauer.de\/en\/wp-json\/wp\/v2\/media?parent=1422"}],"curies":[{"name":"wp","href":"https:\/\/api.w.org\/{rel}","templated":true}]}}