{"id":1756,"date":"2015-02-03T14:19:05","date_gmt":"2015-02-03T14:19:05","guid":{"rendered":"http:\/\/www.hofbauer.de\/impressum-2\/"},"modified":"2026-03-11T10:20:44","modified_gmt":"2026-03-11T10:20:44","slug":"impressum","status":"publish","type":"page","link":"https:\/\/www.hofbauer.de\/en\/impressum\/","title":{"rendered":"Impressum"},"content":{"rendered":"<p>B&amp;W PolyEngineering T\u00fcrkheim GmbH<\/p>\n<p>Unterfeldstr. 1a, 86842<br \/>\nT\u00fcrkheim, Germany<\/p>\n<p>Handelsregister: HRB 18537<br \/>\nRegistergericht: Amtsgericht Memmingen<\/p>\n<p><strong>Vertreten durch:<\/strong><br \/>\nGesch\u00e4ftsfu\u0308hrer: Dirk Uhlenbrock<\/p>\n<h2>Kontakt<\/h2>\n<p>Telefon: +49 (0) 8245 78996 \u2013 0<br \/>\nTelefax: +49 (0) 8245 78996 \u2013 60<br \/>\nE-Mail: <span data-teams=\"true\">info-tue@b-w-international.com<\/span><\/p>\n<h2>Umsatzsteuer-ID<\/h2>\n<p>Umsatzsteuer-Identifikationsnummer gem\u00e4\u00df \u00a7 27 a Umsatzsteuergesetz:<br \/>\nDE 249 743 931<\/p>\n<h2>EU-Streitschlichtung<\/h2>\n<p>Die Europ\u00e4ische Kommission stellt eine Plattform zur Online-Streitbeilegung (OS) bereit: <a href=\"https:\/\/ec.europa.eu\/consumers\/odr\/\" target=\"_blank\" rel=\"noopener noreferrer\">https:\/\/ec.europa.eu\/consumers\/odr\/<\/a>.<br \/>\nUnsere E-Mail-Adresse finden Sie oben im Impressum.<\/p>\n<h2>Verbraucher\u00adstreit\u00adbeilegung\/Universal\u00adschlichtungs\u00adstelle<\/h2>\n<p>Wir sind nicht bereit oder verpflichtet, an Streitbeilegungsverfahren vor einer Verbraucherschlichtungsstelle teilzunehmen.<\/p>\n","protected":false},"excerpt":{"rendered":"<p>B&amp;W PolyEngineering T\u00fcrkheim GmbH Unterfeldstr. 1a, 86842 T\u00fcrkheim, Germany Handelsregister: HRB 18537 Registergericht: Amtsgericht Memmingen Vertreten durch: Gesch\u00e4ftsfu\u0308hrer: Dirk Uhlenbrock Kontakt Telefon: +49 (0) 8245 78996 \u2013 0 Telefax: +49 (0) 8245 78996 \u2013 60 E-Mail: info-tue@b-w-international.com Umsatzsteuer-ID Umsatzsteuer-Identifikationsnummer gem\u00e4\u00df \u00a7 27 a Umsatzsteuergesetz: DE 249 743 931 EU-Streitschlichtung Die Europ\u00e4ische Kommission stellt eine Plattform [&hellip;]<\/p>\n","protected":false},"author":1,"featured_media":0,"parent":0,"menu_order":0,"comment_status":"open","ping_status":"closed","template":"","meta":{"_acf_changed":false,"footnotes":""},"class_list":["post-1756","page","type-page","status-publish","hentry"],"acf":[],"yoast_head":"<!-- This site is optimized with the Yoast SEO plugin v27.2 - https:\/\/yoast.com\/product\/yoast-seo-wordpress\/ -->\n<title>Impressum :: B&amp;W PolyEngineering T\u00fcrkheim GmbH<\/title>\n<meta name=\"description\" content=\"Impressum der Firma Hofbauer: Seit ubber 100 Jahren entwickelt das Unternehmen Hofbauer hochwertige, innovative Industriekoffer und Verpackungsl\u00f6sungen\" \/>\n<meta name=\"robots\" content=\"index, follow, max-snippet:-1, max-image-preview:large, max-video-preview:-1\" \/>\n<link rel=\"canonical\" href=\"https:\/\/www.hofbauer.de\/en\/impressum\/\" \/>\n<meta property=\"og:locale\" content=\"en_US\" \/>\n<meta property=\"og:type\" content=\"article\" \/>\n<meta property=\"og:title\" content=\"Impressum :: B&amp;W PolyEngineering T\u00fcrkheim GmbH\" \/>\n<meta property=\"og:description\" content=\"Impressum der Firma Hofbauer: Seit ubber 100 Jahren entwickelt das Unternehmen Hofbauer hochwertige, innovative Industriekoffer und Verpackungsl\u00f6sungen\" \/>\n<meta property=\"og:url\" content=\"https:\/\/www.hofbauer.de\/en\/impressum\/\" \/>\n<meta property=\"og:site_name\" content=\"Hofbauer\" \/>\n<meta property=\"article:modified_time\" content=\"2026-03-11T10:20:44+00:00\" \/>\n<meta name=\"twitter:label1\" content=\"Est. reading time\" \/>\n\t<meta name=\"twitter:data1\" content=\"1 minute\" \/>\n<script type=\"application\/ld+json\" class=\"yoast-schema-graph\">{\"@context\":\"https:\/\/schema.org\",\"@graph\":[{\"@type\":\"WebPage\",\"@id\":\"https:\/\/www.hofbauer.de\/en\/impressum\/\",\"url\":\"https:\/\/www.hofbauer.de\/en\/impressum\/\",\"name\":\"Impressum :: B&W PolyEngineering T\u00fcrkheim GmbH\",\"isPartOf\":{\"@id\":\"https:\/\/www.hofbauer.de\/#website\"},\"datePublished\":\"2015-02-03T14:19:05+00:00\",\"dateModified\":\"2026-03-11T10:20:44+00:00\",\"description\":\"Impressum der Firma Hofbauer: Seit ubber 100 Jahren entwickelt das Unternehmen Hofbauer hochwertige, innovative Industriekoffer und Verpackungsl\u00f6sungen\",\"breadcrumb\":{\"@id\":\"https:\/\/www.hofbauer.de\/en\/impressum\/#breadcrumb\"},\"inLanguage\":\"en-US\",\"potentialAction\":[{\"@type\":\"ReadAction\",\"target\":[\"https:\/\/www.hofbauer.de\/en\/impressum\/\"]}]},{\"@type\":\"BreadcrumbList\",\"@id\":\"https:\/\/www.hofbauer.de\/en\/impressum\/#breadcrumb\",\"itemListElement\":[{\"@type\":\"ListItem\",\"position\":1,\"name\":\"Home\",\"item\":\"https:\/\/www.hofbauer.de\/en\/\"},{\"@type\":\"ListItem\",\"position\":2,\"name\":\"Impressum\"}]},{\"@type\":\"WebSite\",\"@id\":\"https:\/\/www.hofbauer.de\/#website\",\"url\":\"https:\/\/www.hofbauer.de\/\",\"name\":\"Hofbauer\",\"description\":\"Industriekoffer &amp; Verpackungsl\u00f6sungen\",\"potentialAction\":[{\"@type\":\"SearchAction\",\"target\":{\"@type\":\"EntryPoint\",\"urlTemplate\":\"https:\/\/www.hofbauer.de\/?s={search_term_string}\"},\"query-input\":{\"@type\":\"PropertyValueSpecification\",\"valueRequired\":true,\"valueName\":\"search_term_string\"}}],\"inLanguage\":\"en-US\"}]}<\/script>\n<!-- \/ Yoast SEO plugin. -->","yoast_head_json":{"title":"Impressum :: B&W PolyEngineering T\u00fcrkheim GmbH","description":"Impressum der Firma Hofbauer: Seit ubber 100 Jahren entwickelt das Unternehmen Hofbauer hochwertige, innovative Industriekoffer und Verpackungsl\u00f6sungen","robots":{"index":"index","follow":"follow","max-snippet":"max-snippet:-1","max-image-preview":"max-image-preview:large","max-video-preview":"max-video-preview:-1"},"canonical":"https:\/\/www.hofbauer.de\/en\/impressum\/","og_locale":"en_US","og_type":"article","og_title":"Impressum :: B&W PolyEngineering T\u00fcrkheim GmbH","og_description":"Impressum der Firma Hofbauer: Seit ubber 100 Jahren entwickelt das Unternehmen Hofbauer hochwertige, innovative Industriekoffer und Verpackungsl\u00f6sungen","og_url":"https:\/\/www.hofbauer.de\/en\/impressum\/","og_site_name":"Hofbauer","article_modified_time":"2026-03-11T10:20:44+00:00","twitter_misc":{"Est. reading time":"1 minute"},"schema":{"@context":"https:\/\/schema.org","@graph":[{"@type":"WebPage","@id":"https:\/\/www.hofbauer.de\/en\/impressum\/","url":"https:\/\/www.hofbauer.de\/en\/impressum\/","name":"Impressum :: B&W PolyEngineering T\u00fcrkheim GmbH","isPartOf":{"@id":"https:\/\/www.hofbauer.de\/#website"},"datePublished":"2015-02-03T14:19:05+00:00","dateModified":"2026-03-11T10:20:44+00:00","description":"Impressum der Firma Hofbauer: Seit ubber 100 Jahren entwickelt das Unternehmen Hofbauer hochwertige, innovative Industriekoffer und Verpackungsl\u00f6sungen","breadcrumb":{"@id":"https:\/\/www.hofbauer.de\/en\/impressum\/#breadcrumb"},"inLanguage":"en-US","potentialAction":[{"@type":"ReadAction","target":["https:\/\/www.hofbauer.de\/en\/impressum\/"]}]},{"@type":"BreadcrumbList","@id":"https:\/\/www.hofbauer.de\/en\/impressum\/#breadcrumb","itemListElement":[{"@type":"ListItem","position":1,"name":"Home","item":"https:\/\/www.hofbauer.de\/en\/"},{"@type":"ListItem","position":2,"name":"Impressum"}]},{"@type":"WebSite","@id":"https:\/\/www.hofbauer.de\/#website","url":"https:\/\/www.hofbauer.de\/","name":"Hofbauer","description":"Industriekoffer &amp; Verpackungsl\u00f6sungen","potentialAction":[{"@type":"SearchAction","target":{"@type":"EntryPoint","urlTemplate":"https:\/\/www.hofbauer.de\/?s={search_term_string}"},"query-input":{"@type":"PropertyValueSpecification","valueRequired":true,"valueName":"search_term_string"}}],"inLanguage":"en-US"}]}},"_links":{"self":[{"href":"https:\/\/www.hofbauer.de\/en\/wp-json\/wp\/v2\/pages\/1756","targetHints":{"allow":["GET"]}}],"collection":[{"href":"https:\/\/www.hofbauer.de\/en\/wp-json\/wp\/v2\/pages"}],"about":[{"href":"https:\/\/www.hofbauer.de\/en\/wp-json\/wp\/v2\/types\/page"}],"author":[{"embeddable":true,"href":"https:\/\/www.hofbauer.de\/en\/wp-json\/wp\/v2\/users\/1"}],"replies":[{"embeddable":true,"href":"https:\/\/www.hofbauer.de\/en\/wp-json\/wp\/v2\/comments?post=1756"}],"version-history":[{"count":18,"href":"https:\/\/www.hofbauer.de\/en\/wp-json\/wp\/v2\/pages\/1756\/revisions"}],"predecessor-version":[{"id":6947,"href":"https:\/\/www.hofbauer.de\/en\/wp-json\/wp\/v2\/pages\/1756\/revisions\/6947"}],"wp:attachment":[{"href":"https:\/\/www.hofbauer.de\/en\/wp-json\/wp\/v2\/media?parent=1756"}],"curies":[{"name":"wp","href":"https:\/\/api.w.org\/{rel}","templated":true}]}}