{"id":19,"date":"2014-12-23T10:45:12","date_gmt":"2014-12-23T10:45:12","guid":{"rendered":"http:\/\/www.hofbauer.de\/?page_id=19"},"modified":"2015-03-12T12:36:54","modified_gmt":"2015-03-12T12:36:54","slug":"beispiel-seite","status":"publish","type":"page","link":"https:\/\/www.hofbauer.de\/en\/beispiel-seite\/","title":{"rendered":"Home"},"content":{"rendered":"<h2>Industriekoffer und Verpackungsl\u00f6sungen seit \u00fcber 100 Jahren<\/h2>\n<p>Seit 1902 entwickelt die B&#038;W PolyEngineering T\u00fcrkheim GmbH hochwertige und innovative Industriekoffer, Transport- und Verpackungsl\u00f6sungen fu\u0308r ihre Kunden. Und unsere erfolgreiche Geschichte fu\u0308hren wir bis heute fort. Egal, ob einwandiger Werkzeugkoffer, doppelwandiger Hartschalenkoffer, Alukoffer, Aufbewahrungsbox oder Spezialteil aus Kunststoff. Als Spezialist fu\u0308r Extrusionsblastechnik und Spritzgussverfahren k\u00f6nnen wir so gut wie jeden Kundenwunsch bei der Innen- und Au\u00dfengestaltung unserer Produkte erfu\u0308llen.  <a href=\"https:\/\/www.hofbauer.de\/uber-hofbauer\/geschichte\/\">+ mehr lesen<\/a><\/p>\n","protected":false},"excerpt":{"rendered":"<p>Industriekoffer und Verpackungsl\u00f6sungen seit \u00fcber 100 Jahren Seit 1902 entwickelt die B&#038;W PolyEngineering T\u00fcrkheim GmbH hochwertige und innovative Industriekoffer, Transport- und Verpackungsl\u00f6sungen fu\u0308r ihre Kunden. Und unsere erfolgreiche Geschichte fu\u0308hren wir bis heute fort. Egal, ob einwandiger Werkzeugkoffer, doppelwandiger Hartschalenkoffer, Alukoffer, Aufbewahrungsbox oder Spezialteil aus Kunststoff. Als Spezialist fu\u0308r Extrusionsblastechnik und Spritzgussverfahren k\u00f6nnen wir so [&hellip;]<\/p>\n","protected":false},"author":1,"featured_media":0,"parent":0,"menu_order":0,"comment_status":"open","ping_status":"closed","template":"","meta":{"_acf_changed":false,"footnotes":""},"class_list":["post-19","page","type-page","status-publish","hentry"],"acf":[],"yoast_head":"<!-- This site is optimized with the Yoast SEO plugin v27.2 - https:\/\/yoast.com\/product\/yoast-seo-wordpress\/ -->\n<title>Industriekoffer von Hofbauer :: eine Erfolgsgeschichte<\/title>\n<meta name=\"description\" content=\"Industriekoffer mit Geschichte \u2013 Seit u\u0308ber 100 Jahren entwickelt das Unternehmen Hofbauer hochwertige, innovative Industriekoffer und Verpackungsl\u00f6sungen\" \/>\n<meta name=\"robots\" content=\"index, follow, max-snippet:-1, max-image-preview:large, max-video-preview:-1\" \/>\n<link rel=\"canonical\" href=\"https:\/\/www.hofbauer.de\/en\/beispiel-seite\/\" \/>\n<meta property=\"og:locale\" content=\"en_US\" \/>\n<meta property=\"og:type\" content=\"article\" \/>\n<meta property=\"og:title\" content=\"Industriekoffer von Hofbauer :: eine Erfolgsgeschichte\" \/>\n<meta property=\"og:description\" content=\"Industriekoffer mit Geschichte \u2013 Seit u\u0308ber 100 Jahren entwickelt das Unternehmen Hofbauer hochwertige, innovative Industriekoffer und Verpackungsl\u00f6sungen\" \/>\n<meta property=\"og:url\" content=\"https:\/\/www.hofbauer.de\/en\/beispiel-seite\/\" \/>\n<meta property=\"og:site_name\" content=\"Hofbauer\" \/>\n<meta property=\"article:modified_time\" content=\"2015-03-12T12:36:54+00:00\" \/>\n<script type=\"application\/ld+json\" class=\"yoast-schema-graph\">{\"@context\":\"https:\/\/schema.org\",\"@graph\":[{\"@type\":\"WebPage\",\"@id\":\"https:\/\/www.hofbauer.de\/en\/beispiel-seite\/\",\"url\":\"https:\/\/www.hofbauer.de\/en\/beispiel-seite\/\",\"name\":\"Industriekoffer von Hofbauer :: eine Erfolgsgeschichte\",\"isPartOf\":{\"@id\":\"https:\/\/www.hofbauer.de\/#website\"},\"datePublished\":\"2014-12-23T10:45:12+00:00\",\"dateModified\":\"2015-03-12T12:36:54+00:00\",\"description\":\"Industriekoffer mit Geschichte \u2013 Seit u\u0308ber 100 Jahren entwickelt das Unternehmen Hofbauer hochwertige, innovative Industriekoffer und Verpackungsl\u00f6sungen\",\"breadcrumb\":{\"@id\":\"https:\/\/www.hofbauer.de\/en\/beispiel-seite\/#breadcrumb\"},\"inLanguage\":\"en-US\",\"potentialAction\":[{\"@type\":\"ReadAction\",\"target\":[\"https:\/\/www.hofbauer.de\/en\/beispiel-seite\/\"]}]},{\"@type\":\"BreadcrumbList\",\"@id\":\"https:\/\/www.hofbauer.de\/en\/beispiel-seite\/#breadcrumb\",\"itemListElement\":[{\"@type\":\"ListItem\",\"position\":1,\"name\":\"Home\",\"item\":\"https:\/\/www.hofbauer.de\/en\/\"},{\"@type\":\"ListItem\",\"position\":2,\"name\":\"Home\"}]},{\"@type\":\"WebSite\",\"@id\":\"https:\/\/www.hofbauer.de\/#website\",\"url\":\"https:\/\/www.hofbauer.de\/\",\"name\":\"Hofbauer\",\"description\":\"Industriekoffer &amp; Verpackungsl\u00f6sungen\",\"potentialAction\":[{\"@type\":\"SearchAction\",\"target\":{\"@type\":\"EntryPoint\",\"urlTemplate\":\"https:\/\/www.hofbauer.de\/?s={search_term_string}\"},\"query-input\":{\"@type\":\"PropertyValueSpecification\",\"valueRequired\":true,\"valueName\":\"search_term_string\"}}],\"inLanguage\":\"en-US\"}]}<\/script>\n<!-- \/ Yoast SEO plugin. -->","yoast_head_json":{"title":"Industriekoffer von Hofbauer :: eine Erfolgsgeschichte","description":"Industriekoffer mit Geschichte \u2013 Seit u\u0308ber 100 Jahren entwickelt das Unternehmen Hofbauer hochwertige, innovative Industriekoffer und Verpackungsl\u00f6sungen","robots":{"index":"index","follow":"follow","max-snippet":"max-snippet:-1","max-image-preview":"max-image-preview:large","max-video-preview":"max-video-preview:-1"},"canonical":"https:\/\/www.hofbauer.de\/en\/beispiel-seite\/","og_locale":"en_US","og_type":"article","og_title":"Industriekoffer von Hofbauer :: eine Erfolgsgeschichte","og_description":"Industriekoffer mit Geschichte \u2013 Seit u\u0308ber 100 Jahren entwickelt das Unternehmen Hofbauer hochwertige, innovative Industriekoffer und Verpackungsl\u00f6sungen","og_url":"https:\/\/www.hofbauer.de\/en\/beispiel-seite\/","og_site_name":"Hofbauer","article_modified_time":"2015-03-12T12:36:54+00:00","schema":{"@context":"https:\/\/schema.org","@graph":[{"@type":"WebPage","@id":"https:\/\/www.hofbauer.de\/en\/beispiel-seite\/","url":"https:\/\/www.hofbauer.de\/en\/beispiel-seite\/","name":"Industriekoffer von Hofbauer :: eine Erfolgsgeschichte","isPartOf":{"@id":"https:\/\/www.hofbauer.de\/#website"},"datePublished":"2014-12-23T10:45:12+00:00","dateModified":"2015-03-12T12:36:54+00:00","description":"Industriekoffer mit Geschichte \u2013 Seit u\u0308ber 100 Jahren entwickelt das Unternehmen Hofbauer hochwertige, innovative Industriekoffer und Verpackungsl\u00f6sungen","breadcrumb":{"@id":"https:\/\/www.hofbauer.de\/en\/beispiel-seite\/#breadcrumb"},"inLanguage":"en-US","potentialAction":[{"@type":"ReadAction","target":["https:\/\/www.hofbauer.de\/en\/beispiel-seite\/"]}]},{"@type":"BreadcrumbList","@id":"https:\/\/www.hofbauer.de\/en\/beispiel-seite\/#breadcrumb","itemListElement":[{"@type":"ListItem","position":1,"name":"Home","item":"https:\/\/www.hofbauer.de\/en\/"},{"@type":"ListItem","position":2,"name":"Home"}]},{"@type":"WebSite","@id":"https:\/\/www.hofbauer.de\/#website","url":"https:\/\/www.hofbauer.de\/","name":"Hofbauer","description":"Industriekoffer &amp; Verpackungsl\u00f6sungen","potentialAction":[{"@type":"SearchAction","target":{"@type":"EntryPoint","urlTemplate":"https:\/\/www.hofbauer.de\/?s={search_term_string}"},"query-input":{"@type":"PropertyValueSpecification","valueRequired":true,"valueName":"search_term_string"}}],"inLanguage":"en-US"}]}},"_links":{"self":[{"href":"https:\/\/www.hofbauer.de\/en\/wp-json\/wp\/v2\/pages\/19","targetHints":{"allow":["GET"]}}],"collection":[{"href":"https:\/\/www.hofbauer.de\/en\/wp-json\/wp\/v2\/pages"}],"about":[{"href":"https:\/\/www.hofbauer.de\/en\/wp-json\/wp\/v2\/types\/page"}],"author":[{"embeddable":true,"href":"https:\/\/www.hofbauer.de\/en\/wp-json\/wp\/v2\/users\/1"}],"replies":[{"embeddable":true,"href":"https:\/\/www.hofbauer.de\/en\/wp-json\/wp\/v2\/comments?post=19"}],"version-history":[{"count":56,"href":"https:\/\/www.hofbauer.de\/en\/wp-json\/wp\/v2\/pages\/19\/revisions"}],"predecessor-version":[{"id":1340,"href":"https:\/\/www.hofbauer.de\/en\/wp-json\/wp\/v2\/pages\/19\/revisions\/1340"}],"wp:attachment":[{"href":"https:\/\/www.hofbauer.de\/en\/wp-json\/wp\/v2\/media?parent=19"}],"curies":[{"name":"wp","href":"https:\/\/api.w.org\/{rel}","templated":true}]}}